{"id":6769,"date":"2022-09-15T14:01:58","date_gmt":"2022-09-15T19:01:59","guid":{"rendered":"https:\/\/www.lennoxfurniture.com\/?post_type=product&#038;p=6769"},"modified":"2024-09-07T12:05:38","modified_gmt":"2024-09-07T17:05:38","slug":"lennox-furniture-toys-storage-organizer-in-grey-jwtr-3029-grey-copie-2","status":"publish","type":"product","link":"https:\/\/www.lennoxfurniture.com\/fr\/product\/lennox-furniture-toys-storage-organizer-in-grey-jwtr-3029-grey-copie-2\/","title":{"rendered":"Lennox Furniture Rangement pour livres &#8211; expresso &#8211; JWTR 3029"},"content":{"rendered":"<ul class=\"a-unordered-list a-vertical a-spacing-mini\">\n<li class=\"a-spacing-small\"><span class=\"a-list-item\">Le rangement de livres face \u00e0 l&rsquo;avant permet aux premiers lecteurs de rep\u00e9rer facilement leur favori<\/span><\/li>\n<li class=\"a-spacing-small\"><span class=\"a-list-item\">La maison id\u00e9ale pour tous ces grands livres d&rsquo;images que les tout-petits adorent.<\/span><\/li>\n<li class=\"a-spacing-small\"><span class=\"a-list-item\">La hauteur parfaite pour votre petit, notre \u00e9tag\u00e8re \u00e0 livres encourage les sessions d&rsquo;histoire et m\u00eame le nettoyage quand il est temps de se coucher<\/span><\/li>\n<li class=\"a-spacing-small\"><span class=\"a-list-item\">Cr\u00e9ez le petit coin de lecture le plus cool pour votre futur ver de livres avec nos supports \u00e0 livres imprim\u00e9s d&rsquo;animaux : chouette, lion, dragon et \u00e9l\u00e9phant<\/span><\/li>\n<li class=\"a-spacing-small\"><span class=\"a-list-item\">Un moyen adapt\u00e9 aux enfants de stocker tous leurs livres pr\u00e9f\u00e9r\u00e9s<\/span><\/li>\n<\/ul>\n","protected":false},"excerpt":{"rendered":"<h1 class=\"css-1c6krh5 e1yn5b3f7\" data-automation=\"product-title\">Rangement pour livres<\/h1>\n<p>&nbsp;<\/p>\n","protected":false},"featured_media":6771,"template":"","meta":[],"product_brand":[],"product_cat":[125,124],"product_tag":[],"class_list":{"0":"post-6769","1":"product","2":"type-product","3":"status-publish","4":"has-post-thumbnail","6":"product_cat-chaises-bercantes-et-tabourets","7":"product_cat-chaises-rembourrees","8":"product_shipping_class-toddler-bed-francais","9":"product-grid-view","11":"first","12":"instock","13":"sale","14":"taxable","15":"shipping-taxable","16":"purchasable","17":"product-type-simple"},"acf":[],"_links":{"self":[{"href":"https:\/\/www.lennoxfurniture.com\/fr\/wp-json\/wp\/v2\/product\/6769","targetHints":{"allow":["GET"]}}],"collection":[{"href":"https:\/\/www.lennoxfurniture.com\/fr\/wp-json\/wp\/v2\/product"}],"about":[{"href":"https:\/\/www.lennoxfurniture.com\/fr\/wp-json\/wp\/v2\/types\/product"}],"wp:featuredmedia":[{"embeddable":true,"href":"https:\/\/www.lennoxfurniture.com\/fr\/wp-json\/wp\/v2\/media\/6771"}],"wp:attachment":[{"href":"https:\/\/www.lennoxfurniture.com\/fr\/wp-json\/wp\/v2\/media?parent=6769"}],"wp:term":[{"taxonomy":"product_brand","embeddable":true,"href":"https:\/\/www.lennoxfurniture.com\/fr\/wp-json\/wp\/v2\/product_brand?post=6769"},{"taxonomy":"product_cat","embeddable":true,"href":"https:\/\/www.lennoxfurniture.com\/fr\/wp-json\/wp\/v2\/product_cat?post=6769"},{"taxonomy":"product_tag","embeddable":true,"href":"https:\/\/www.lennoxfurniture.com\/fr\/wp-json\/wp\/v2\/product_tag?post=6769"}],"curies":[{"name":"wp","href":"https:\/\/api.w.org\/{rel}","templated":true}]}}