{"id":7652,"date":"2024-05-22T15:35:21","date_gmt":"2024-05-22T20:35:21","guid":{"rendered":"https:\/\/www.lennoxfurniture.com\/?post_type=product&#038;p=7652"},"modified":"2024-05-22T15:40:35","modified_gmt":"2024-05-22T20:40:35","slug":"lennox-furniture-set-de-2-tabourets-868-noir-copie","status":"publish","type":"product","link":"https:\/\/www.lennoxfurniture.com\/fr\/product\/lennox-furniture-set-de-2-tabourets-868-noir-copie\/","title":{"rendered":"Lennox furniture Set de 2 tabourets  &#8211; 868 Noir Noire"},"content":{"rendered":"<ul class=\"a-unordered-list a-vertical a-spacing-mini\">\n<li class=\"a-spacing-small\"><span class=\"a-list-item\">Design \u00e9l\u00e9gant et moderne sans accoudoir, id\u00e9al pour les bars, les pubs, les caf\u00e9s et l&rsquo;utilisation \u00e0 la maison pour une exp\u00e9rience incroyablement reposante.<\/span><\/li>\n<li class=\"a-spacing-small\"><span class=\"a-list-item\">Si\u00e8ge rembourr\u00e9 doux pour un confort longue dur\u00e9e<\/span><\/li>\n<li class=\"a-spacing-small\"><span class=\"a-list-item\">M\u00e9canisme de v\u00e9rin \u00e0 gaz pour le r\u00e9glage de la hauteur, pivotant \u00e0 360\u00b0 pour un d\u00e9placement facile<\/span><\/li>\n<li class=\"a-spacing-small\"><span class=\"a-list-item\">Rev\u00eatement et structure durables : la chaise est fabriqu\u00e9e en cuir PU luxueux et rembourrage \u00e9pais raffin\u00e9 pour plus de confort et de durabilit\u00e9. Il int\u00e8gre un repose-pieds de soutien attach\u00e9 au bas de la barre m\u00e9tallique hydraulique qui peut pivoter \u00e0 360 degr\u00e9s en douceur pour une exp\u00e9rience incroyablement reposante<\/span><\/li>\n<\/ul>\n","protected":false},"excerpt":{"rendered":"<p>Tabourets de bar<\/p>\n<p>&nbsp;<\/p>\n<p>&nbsp;<\/p>\n<p>&nbsp;<\/p>\n<p>&nbsp;<\/p>\n","protected":false},"featured_media":7654,"template":"","meta":[],"product_brand":[],"product_cat":[125,124,123,432],"product_tag":[],"class_list":{"0":"post-7652","1":"product","2":"type-product","3":"status-publish","4":"has-post-thumbnail","6":"product_cat-chaises-bercantes-et-tabourets","7":"product_cat-chaises-rembourrees","8":"product_cat-collections-pour-chambre-de-bebe","9":"product_cat-tabouret-de-bar","10":"product_shipping_class-chaise-a-bille-fr","11":"product-grid-view","13":"first","14":"outofstock","15":"sale","16":"taxable","17":"shipping-taxable","18":"purchasable","19":"product-type-simple"},"acf":[],"_links":{"self":[{"href":"https:\/\/www.lennoxfurniture.com\/fr\/wp-json\/wp\/v2\/product\/7652","targetHints":{"allow":["GET"]}}],"collection":[{"href":"https:\/\/www.lennoxfurniture.com\/fr\/wp-json\/wp\/v2\/product"}],"about":[{"href":"https:\/\/www.lennoxfurniture.com\/fr\/wp-json\/wp\/v2\/types\/product"}],"wp:featuredmedia":[{"embeddable":true,"href":"https:\/\/www.lennoxfurniture.com\/fr\/wp-json\/wp\/v2\/media\/7654"}],"wp:attachment":[{"href":"https:\/\/www.lennoxfurniture.com\/fr\/wp-json\/wp\/v2\/media?parent=7652"}],"wp:term":[{"taxonomy":"product_brand","embeddable":true,"href":"https:\/\/www.lennoxfurniture.com\/fr\/wp-json\/wp\/v2\/product_brand?post=7652"},{"taxonomy":"product_cat","embeddable":true,"href":"https:\/\/www.lennoxfurniture.com\/fr\/wp-json\/wp\/v2\/product_cat?post=7652"},{"taxonomy":"product_tag","embeddable":true,"href":"https:\/\/www.lennoxfurniture.com\/fr\/wp-json\/wp\/v2\/product_tag?post=7652"}],"curies":[{"name":"wp","href":"https:\/\/api.w.org\/{rel}","templated":true}]}}