{"id":8187,"date":"2025-01-14T15:42:51","date_gmt":"2025-01-14T20:42:52","guid":{"rendered":"https:\/\/www.lennoxfurniture.com\/?post_type=product&#038;p=8187"},"modified":"2025-01-14T15:44:57","modified_gmt":"2025-01-14T20:44:57","slug":"lennox-furniture-storage-dresser-with-2-fabric-drawers-for-closets-nursery-5l-203-black-copie","status":"publish","type":"product","link":"https:\/\/www.lennoxfurniture.com\/fr\/product\/lennox-furniture-storage-dresser-with-2-fabric-drawers-for-closets-nursery-5l-203-black-copie\/","title":{"rendered":"Lennox Furniture Storage Dresser with 5 Fabric Drawers for Closets, Nursery 5L-206 BLACK W-HANDL"},"content":{"rendered":"<ul class=\"a-unordered-list a-vertical a-spacing-mini\">\n<li class=\"a-spacing-small\"><span class=\"a-list-item\"> avec cadre en m\u00e9tal, et est plus l\u00e9ger \u00e0 d\u00e9placer<\/span><\/li>\n<\/ul>\n","protected":false},"excerpt":{"rendered":"<h1 class=\"css-1c6krh5 e1yn5b3f7\" data-automation=\"product-title\">Meuble de rangement<\/h1>\n<p>&nbsp;<\/p>\n","protected":false},"featured_media":8189,"template":"","meta":[],"product_brand":[],"product_cat":[15,125,124,123,432,430],"product_tag":[],"class_list":{"0":"post-8187","1":"product","2":"type-product","3":"status-publish","4":"has-post-thumbnail","6":"product_cat-non-categorise","7":"product_cat-chaises-bercantes-et-tabourets","8":"product_cat-chaises-rembourrees","9":"product_cat-collections-pour-chambre-de-bebe","10":"product_cat-tabouret-de-bar","11":"product_cat-tabouret-escabeau-9","12":"product_shipping_class-toddler-bed-francais","13":"product-grid-view","15":"first","16":"instock","17":"taxable","18":"shipping-taxable","19":"purchasable","20":"product-type-simple"},"acf":[],"_links":{"self":[{"href":"https:\/\/www.lennoxfurniture.com\/fr\/wp-json\/wp\/v2\/product\/8187","targetHints":{"allow":["GET"]}}],"collection":[{"href":"https:\/\/www.lennoxfurniture.com\/fr\/wp-json\/wp\/v2\/product"}],"about":[{"href":"https:\/\/www.lennoxfurniture.com\/fr\/wp-json\/wp\/v2\/types\/product"}],"wp:featuredmedia":[{"embeddable":true,"href":"https:\/\/www.lennoxfurniture.com\/fr\/wp-json\/wp\/v2\/media\/8189"}],"wp:attachment":[{"href":"https:\/\/www.lennoxfurniture.com\/fr\/wp-json\/wp\/v2\/media?parent=8187"}],"wp:term":[{"taxonomy":"product_brand","embeddable":true,"href":"https:\/\/www.lennoxfurniture.com\/fr\/wp-json\/wp\/v2\/product_brand?post=8187"},{"taxonomy":"product_cat","embeddable":true,"href":"https:\/\/www.lennoxfurniture.com\/fr\/wp-json\/wp\/v2\/product_cat?post=8187"},{"taxonomy":"product_tag","embeddable":true,"href":"https:\/\/www.lennoxfurniture.com\/fr\/wp-json\/wp\/v2\/product_tag?post=8187"}],"curies":[{"name":"wp","href":"https:\/\/api.w.org\/{rel}","templated":true}]}}